{"id":214,"date":"2021-11-09T15:14:05","date_gmt":"2021-11-09T15:14:05","guid":{"rendered":"https:\/\/demo.casethemes.net\/industo\/?page_id=214"},"modified":"2025-12-18T15:36:42","modified_gmt":"2025-12-18T15:36:42","slug":"about-us","status":"publish","type":"page","link":"https:\/\/mathis.re\/fr\/about-us\/","title":{"rendered":"\u00c0 Propos"},"content":{"rendered":"<div data-elementor-type=\"wp-page\" data-elementor-id=\"214\" class=\"elementor elementor-214\">\n\t\t\t\t        <section class=\"elementor-section elementor-top-section elementor-element elementor-element-f32eb74 elementor-section-stretched elementor-section-boxed elementor-section-height-default elementor-section-height-default ct-header-fixed-none ct-column-none ct-row-scroll-none ct-row-gradient--none ct-row-container--default\" data-id=\"f32eb74\" data-element_type=\"section\" data-e-type=\"section\" data-settings=\"{&quot;stretch_section&quot;:&quot;section-stretched&quot;}\">\n            \n                        <div class=\"elementor-container elementor-column-gap-extended\">\n                    <div class=\"elementor-column elementor-col-100 elementor-top-column elementor-element elementor-element-31ee543 ct-column-none col-offset-none\" data-id=\"31ee543\" data-element_type=\"column\" data-e-type=\"column\">\n        <div class=\"elementor-widget-wrap elementor-element-populated\">\n                    \n        \t\t<div class=\"elementor-element elementor-element-6ac77143 elementor-widget elementor-widget-ct_heading\" data-id=\"6ac77143\" data-element_type=\"widget\" data-e-type=\"widget\" data-widget_type=\"ct_heading.default\">\n\t\t\t\t<div class=\"elementor-widget-container\">\n\t\t\t\t\t<div id=\"ct_heading-6ac77143\" class=\"ct-heading h-align-center item-st-default\">\r\n    <div class=\"heading-wrapper\">\r\n        <div class=\"inner-heading\">\r\n                          \t                <h3 class=\"item--title case-animate-time st-default translation-block\" data-wow-delay=\"ms\">Votre Partenaire De Confiance<\/h3>\r\n        <\/div>\r\n    <\/div>\r\n<\/div>\r\n\t\t\t\t<\/div>\n\t\t\t\t<\/div>\n\t\t            <\/div>\n        <\/div>\n                    <\/div>\n        <\/section>\n                <section class=\"elementor-section elementor-top-section elementor-element elementor-element-95effd2 elementor-section-stretched elementor-section-boxed elementor-section-height-default elementor-section-height-default ct-header-fixed-none ct-column-none ct-row-scroll-none ct-row-gradient--none ct-row-container--default\" data-id=\"95effd2\" data-element_type=\"section\" data-e-type=\"section\" data-settings=\"{&quot;stretch_section&quot;:&quot;section-stretched&quot;,&quot;background_background&quot;:&quot;classic&quot;}\">\n            \n                        <div class=\"elementor-container elementor-column-gap-default\">\n                    <div class=\"elementor-column elementor-col-50 elementor-top-column elementor-element elementor-element-3c964da ct-column-none col-offset-none\" data-id=\"3c964da\" data-element_type=\"column\" data-e-type=\"column\">\n        <div class=\"elementor-widget-wrap elementor-element-populated\">\n                    \n        \t\t<div class=\"elementor-element elementor-element-4205d3c elementor-widget elementor-widget-image\" data-id=\"4205d3c\" data-element_type=\"widget\" data-e-type=\"widget\" data-widget_type=\"image.default\">\n\t\t\t\t\t\t\t\t\t\t\t\t\t\t\t<img fetchpriority=\"high\" decoding=\"async\" width=\"1112\" height=\"1600\" src=\"https:\/\/mathis.re\/wp-content\/uploads\/2025\/12\/mathis-pic-2.jpg\" class=\"attachment-2048x2048 size-2048x2048 wp-image-14419\" alt=\"\" srcset=\"https:\/\/mathis.re\/wp-content\/uploads\/2025\/12\/mathis-pic-2.jpg 1112w, https:\/\/mathis.re\/wp-content\/uploads\/2025\/12\/mathis-pic-2-209x300.jpg 209w, https:\/\/mathis.re\/wp-content\/uploads\/2025\/12\/mathis-pic-2-712x1024.jpg 712w, https:\/\/mathis.re\/wp-content\/uploads\/2025\/12\/mathis-pic-2-768x1105.jpg 768w, https:\/\/mathis.re\/wp-content\/uploads\/2025\/12\/mathis-pic-2-1068x1536.jpg 1068w, https:\/\/mathis.re\/wp-content\/uploads\/2025\/12\/mathis-pic-2-600x863.jpg 600w\" sizes=\"(max-width: 1112px) 100vw, 1112px\" \/>\t\t\t\t\t\t\t\t\t\t\t\t\t\t\t<\/div>\n\t\t            <\/div>\n        <\/div>\n                <div class=\"elementor-column elementor-col-50 elementor-top-column elementor-element elementor-element-3525a9b ct-column-none col-offset-none\" data-id=\"3525a9b\" data-element_type=\"column\" data-e-type=\"column\">\n        <div class=\"elementor-widget-wrap elementor-element-populated\">\n                    \n        \t\t<div class=\"elementor-element elementor-element-f49df60 heading-custom elementor-widget elementor-widget-ct_heading\" data-id=\"f49df60\" data-element_type=\"widget\" data-e-type=\"widget\" data-widget_type=\"ct_heading.default\">\n\t\t\t\t<div class=\"elementor-widget-container\">\n\t\t\t\t\t<div id=\"ct_heading-f49df60\" class=\"ct-heading h-align-left item-st-default\">\r\n    <div class=\"heading-wrapper\">\r\n        <div class=\"inner-heading\">\r\n                          \t            \t\t<div class=\"item--sub-title no-image-bg\">\r\n                                                <span>\r\n                            Anim\u00e9 par la passion                        <\/span>\r\n                    <\/div>\r\n            \t                <h3 class=\"item--title case-animate-time st-default\" data-wow-delay=\"ms\">\r\n                    <span class=\"slide-in-container\"><span class=\"d-inline-block wow case-fade-in-up\"><\/span><\/span>                <\/h3>\r\n        <\/div>\r\n    <\/div>\r\n<\/div>\r\n\t\t\t\t<\/div>\n\t\t\t\t<\/div>\n\t\t\t\t<div class=\"elementor-element elementor-element-0e022de elementor-widget elementor-widget-ct_text_editor\" data-id=\"0e022de\" data-element_type=\"widget\" data-e-type=\"widget\" data-widget_type=\"ct_text_editor.default\">\n\t\t\t\t<div class=\"elementor-widget-container\">\n\t\t\t\t\t<div id=\"ct_text_editor-0e022de\" class=\"ct-text-editor\" data-wow-delay=\"ms\">\n\t<div class=\"ct-inline-css\"  data-css=\"        \t\t\">\n\n    <\/div>\n\t<div class=\"ct-text-editor-inner elementor-clearfix\">\n\t\t<p>Bas\u00e9 \u00e0 La R\u00e9union, MATHIS propose un accompagnement technique pr\u00e9cis et r\u00e9actif, parfaitement adapt\u00e9 aux besoins logistiques de M.M.C CDAL et de HAMMAR dans l\u2019oc\u00e9an Indien.<span class=\"Apple-converted-space\">\u00a0<\/span><\/p><p>En combinant expertise technique et sens du service, il aide les professionnels \u00e0 optimiser leurs op\u00e9rations et \u00e0 relever les d\u00e9fis de demain en toute confiance. Plus qu\u2019un simple prestataire, MATHIS est un alli\u00e9 durable pour les entreprises de transport et de logistique. En combinant expertise technique et sens du service, MATHIS aide les professionnels \u00e0 optimiser leurs op\u00e9rations et \u00e0 relever les d\u00e9fis de demain en toute confiance.<span class=\"Apple-converted-space\">\u00a0<\/span><\/p>\t\t\n\t<\/div>\n<\/div>\t\t\t\t<\/div>\n\t\t\t\t<\/div>\n\t\t\t\t<div class=\"elementor-element elementor-element-b7d9704 elementor-widget elementor-widget-spacer\" data-id=\"b7d9704\" data-element_type=\"widget\" data-e-type=\"widget\" data-widget_type=\"spacer.default\">\n\t\t\t\t\t\t\t<div class=\"elementor-spacer\">\n\t\t\t<div class=\"elementor-spacer-inner\"><\/div>\n\t\t<\/div>\n\t\t\t\t\t\t<\/div>\n\t\t\t\t<div class=\"elementor-element elementor-element-2094a4e elementor-widget elementor-widget-ct_fancy_box\" data-id=\"2094a4e\" data-element_type=\"widget\" data-e-type=\"widget\" data-widget_type=\"ct_fancy_box.default\">\n\t\t\t\t<div class=\"elementor-widget-container\">\n\t\t\t\t\t<div id=\"ct_fancy_box-2094a4e\" class=\"ct-fancy-box ct-fancy-box-layout1 style2\" data-wow-delay=\"ms\">\r\n    <div class=\"ct-inline-css\"  data-css=\"        \">\r\n    <\/div>\r\n    <div class=\"item--inner\">\r\n                            <div class=\"item--icon\">\r\n                <img decoding=\"async\" width=\"54\" height=\"70\" src=\"https:\/\/mathis.re\/wp-content\/uploads\/2021\/11\/icon-fcb_03.png\" class=\"attachment-full\" alt=\"\" \/>            <\/div>\r\n                <div class=\"item--meta\">\r\n            <h4 class=\"item--title\">\r\n                Garantie de qualit\u00e9            <\/h4>\r\n            <div class=\"item--description\">\r\n                Tous nos services sont conformes aux standards officiels de maintenance HAMMAR et M.M.C CDAL.            <\/div>\r\n        <\/div>\r\n    <\/div>\r\n<\/div>\t\t\t\t<\/div>\n\t\t\t\t<\/div>\n\t\t\t\t<div class=\"elementor-element elementor-element-dc5d1d4 elementor-widget elementor-widget-ct_button\" data-id=\"dc5d1d4\" data-element_type=\"widget\" data-e-type=\"widget\" data-widget_type=\"ct_button.default\">\n\t\t\t\t<div class=\"elementor-widget-container\">\n\t\t\t\t\t<div id=\"ct_button-dc5d1d4\" class=\"ct-button-wrapper ct-button-layout1\">\r\n    <div class=\"ct-inline-css\"  data-css=\"        \">\r\n    <\/div>\r\n            <span class=\"ct-icon-active\"><\/span>\r\n        <a href=\"https:\/\/mathis.re\/fr\/contact-us\/\" class=\"btn btn-default  icon-ps-\" data-wow-delay=\"ms\">\r\n                            <span class=\"ct-button-icon ct-align-icon-\">\r\n                            <\/span>\r\n                <span class=\"ct-button-text\">Contactez Nous<\/span>\r\n    <\/a>\r\n<\/div>\t\t\t\t<\/div>\n\t\t\t\t<\/div>\n\t\t            <\/div>\n        <\/div>\n                    <\/div>\n        <\/section>\n                <section class=\"elementor-section elementor-top-section elementor-element elementor-element-cbe5b8a elementor-section-stretched elementor-section-boxed elementor-section-height-default elementor-section-height-default ct-header-fixed-none ct-column-none ct-row-scroll-none ct-row-gradient--none ct-row-container--default\" data-id=\"cbe5b8a\" data-element_type=\"section\" data-e-type=\"section\" data-settings=\"{&quot;stretch_section&quot;:&quot;section-stretched&quot;,&quot;background_background&quot;:&quot;classic&quot;}\">\n            \n                        <div class=\"elementor-container elementor-column-gap-extended\">\n                    <div class=\"elementor-column elementor-col-100 elementor-top-column elementor-element elementor-element-fa8d40a ct-column-none col-offset-none\" data-id=\"fa8d40a\" data-element_type=\"column\" data-e-type=\"column\">\n        <div class=\"elementor-widget-wrap elementor-element-populated\">\n                    \n        \t\t<div class=\"elementor-element elementor-element-5d27382 elementor-widget elementor-widget-ct_heading\" data-id=\"5d27382\" data-element_type=\"widget\" data-e-type=\"widget\" data-widget_type=\"ct_heading.default\">\n\t\t\t\t<div class=\"elementor-widget-container\">\n\t\t\t\t\t<div id=\"ct_heading-5d27382\" class=\"ct-heading h-align-center item-st-default\">\r\n    <div class=\"heading-wrapper\">\r\n        <div class=\"inner-heading\">\r\n                          \t                <h3 class=\"item--title case-animate-time st-default translation-block\" data-wow-delay=\"ms\">Ing\u00e9nierie De Confiance, R\u00e9sultats Garantis<\/h3>\r\n        <\/div>\r\n    <\/div>\r\n<\/div>\r\n\t\t\t\t<\/div>\n\t\t\t\t<\/div>\n\t\t\t\t<div class=\"elementor-element elementor-element-4c01a6b elementor-widget elementor-widget-ct_text_editor\" data-id=\"4c01a6b\" data-element_type=\"widget\" data-e-type=\"widget\" data-widget_type=\"ct_text_editor.default\">\n\t\t\t\t<div class=\"elementor-widget-container\">\n\t\t\t\t\t<div id=\"ct_text_editor-4c01a6b\" class=\"ct-text-editor\" data-wow-delay=\"ms\">\n\t<div class=\"ct-inline-css\"  data-css=\"        \t\t\">\n\n    <\/div>\n\t<div class=\"ct-text-editor-inner elementor-clearfix\">\n\t\t<p>Choisir le bon partenaire pour la maintenance et la r\u00e9paration de vos machines est essentiel pour toute entreprise de transport ou de logistique. Dans un environnement comp\u00e9titif o\u00f9 chaque minute compte, l\u2019arr\u00eat d\u2019activit\u00e9 co\u00fbte cher et la pr\u00e9cision fait toute la diff\u00e9rence.\u00a0<\/p><p>Alors, pourquoi choisir MATHIS comme partenaire de confiance en m\u00e9canique et hydraulique ?<span class=\"Apple-converted-space\">\u00a0<\/span><\/p>\t\t\n\t<\/div>\n<\/div>\t\t\t\t<\/div>\n\t\t\t\t<\/div>\n\t\t            <\/div>\n        <\/div>\n                    <\/div>\n        <\/section>\n                <section class=\"elementor-section elementor-top-section elementor-element elementor-element-759bb65 elementor-section-stretched elementor-section-boxed elementor-section-height-default elementor-section-height-default ct-header-fixed-none ct-column-none ct-row-scroll-none ct-row-gradient--none ct-row-container--default\" data-id=\"759bb65\" data-element_type=\"section\" data-e-type=\"section\" data-settings=\"{&quot;stretch_section&quot;:&quot;section-stretched&quot;}\">\n            \n                        <div class=\"elementor-container elementor-column-gap-extended\">\n                    <div class=\"elementor-column elementor-col-100 elementor-top-column elementor-element elementor-element-a1c1ae5 ct-column-none col-offset-none\" data-id=\"a1c1ae5\" data-element_type=\"column\" data-e-type=\"column\">\n        <div class=\"elementor-widget-wrap elementor-element-populated\">\n                    \n        \t\t<div class=\"elementor-element elementor-element-50d16d1 elementor-widget elementor-widget-ct_fancybox_carousel\" data-id=\"50d16d1\" data-element_type=\"widget\" data-e-type=\"widget\" data-widget_type=\"ct_fancybox_carousel.default\">\n\t\t\t\t<div class=\"elementor-widget-container\">\n\t\t\t\t\t    <div class=\"ct-fancybox ct-fancybox-carousel5 ct-slick-slider\">\r\n        <div class=\"ct-carousel-inner\">\r\n            <div class=\"ct-slick-carousel\" data-arrows=\"\" data-dots=\"\" data-pauseonhover=\"\" data-autoplay=\"\" data-autoplayspeed=\"5000\" data-infinite=\"true\" data-speed=\"500\" data-colxs=\"1\" data-colsm=\"2\" data-colmd=\"2\" data-collg=\"2\" data-colxl=\"3\" data-dir=\"false\" data-slidestoscroll=\"1\">\r\n                                    <div class=\"slick-slide\">\r\n                        <div class=\"item--inner\">\r\n                                                            <div class=\"item--image\">\r\n                                                                            <img decoding=\"async\" class=\"\" src=\"https:\/\/mathis.re\/wp-content\/uploads\/2025\/12\/MRU-Velogic-1-330x220.jpg\" width=\"330\" height=\"220\" alt=\"MRU-Velogic-1\" title=\"MRU-Velogic-1\" \/>    \r\n                                                                    <\/div>\r\n                                                        <div class=\"item-holder\">\r\n                                <div class=\"entry-content\">\r\n                                                                            <h3 class=\"item--title\">    \r\n                                                                                            Port\u00e9 Par Le Savoir-Faire                                                                                    <\/h3>\r\n                                                                                                                <div class=\"item--description\">\r\n                                            Gr\u00e2ce \u00e0 une expertise solide en m\u00e9canique et en hydraulique, MATHIS fournit des solutions intelligentes et efficaces : maintenance, diagnostics pointus, pi\u00e8ces d\u2019origine HAMMAR \/ M.M.C, et support technique adapt\u00e9 \u00e0 chaque besoin.                                        <\/div>\r\n                                                                                                       <\/div>\r\n                            <\/div>\r\n                       <\/div>\r\n                    <\/div>\r\n                                    <div class=\"slick-slide\">\r\n                        <div class=\"item--inner\">\r\n                                                            <div class=\"item--image\">\r\n                                                                            <img loading=\"lazy\" decoding=\"async\" class=\"\" src=\"https:\/\/mathis.re\/wp-content\/uploads\/2025\/12\/MATHIS-WEBSITE-PREPARATION-scaled-1-330x220.jpg\" width=\"330\" height=\"220\" alt=\"MATHIS-WEBSITE-PREPARATION-scaled\" title=\"MATHIS-WEBSITE-PREPARATION-scaled\" \/>    \r\n                                                                    <\/div>\r\n                                                        <div class=\"item-holder\">\r\n                                <div class=\"entry-content\">\r\n                                                                            <h3 class=\"item--title\">    \r\n                                                                                            Fond\u00e9 Sur La Confiance                                                                                    <\/h3>\r\n                                                                                                                <div class=\"item--description\">\r\n                                            Depuis plus de 20 ans, MATHIS accompagne les op\u00e9rateurs de transport dans l\u2019oc\u00e9an Indien avec honn\u00eatet\u00e9, fiabilit\u00e9 et engagement. Reconnu pour son approche directe et humaine aupr\u00e8s des dirigeants et chauffeurs, Mathis est aussi surnomm\u00e9 \u00ab le docteur des remorques \u00bb.                                        <\/div>\r\n                                                                                                       <\/div>\r\n                            <\/div>\r\n                       <\/div>\r\n                    <\/div>\r\n                                    <div class=\"slick-slide\">\r\n                        <div class=\"item--inner\">\r\n                                                            <div class=\"item--image\">\r\n                                                                            <img loading=\"lazy\" decoding=\"async\" class=\"\" src=\"https:\/\/mathis.re\/wp-content\/uploads\/2025\/12\/MMC-1-330x220.jpg\" width=\"330\" height=\"220\" alt=\"MMC-1\" title=\"MMC-1\" \/>    \r\n                                                                    <\/div>\r\n                                                        <div class=\"item-holder\">\r\n                                <div class=\"entry-content\">\r\n                                                                            <h3 class=\"item--title\">    \r\n                                                                                            Focalis\u00e9 sur les r\u00e9sultats                                                                                    <\/h3>\r\n                                                                                                                <div class=\"item--description\">\r\n                                            Chaque intervention est men\u00e9e avec pr\u00e9cision, r\u00e9activit\u00e9 et souci de performance durable.\nMATHIS permet \u00e0 vos flottes de rester en mouvement, \u00e0 vos op\u00e9rations de tourner sans interruption, et \u00e0 votre entreprise d\u2019avancer.                                        <\/div>\r\n                                                                                                       <\/div>\r\n                            <\/div>\r\n                       <\/div>\r\n                    <\/div>\r\n                            <\/div>\r\n        <\/div>\r\n    <\/div>\r\n\t\t\t\t<\/div>\n\t\t\t\t<\/div>\n\t\t            <\/div>\n        <\/div>\n                    <\/div>\n        <\/section>\n        \t\t<\/div>","protected":false},"excerpt":{"rendered":"<p>Your Trusted Partner Driven By Passion Based in Reunion Island, MATHIS delivers high precision, responsive technical support tailored to HAMMAR and M.M.C CDAL logistics challenges in the Indian Ocean.\u00a0 More than a service provider, MATHIS acts as a long-term ally to logistics and transport businesses. By combining technical know-how with customer focus, MATHIS helps companies [&hellip;]<\/p>\n","protected":false},"author":3,"featured_media":0,"parent":0,"menu_order":0,"comment_status":"closed","ping_status":"closed","template":"","meta":{"footnotes":""},"class_list":["post-214","page","type-page","status-publish","hentry"],"_links":{"self":[{"href":"https:\/\/mathis.re\/fr\/wp-json\/wp\/v2\/pages\/214","targetHints":{"allow":["GET"]}}],"collection":[{"href":"https:\/\/mathis.re\/fr\/wp-json\/wp\/v2\/pages"}],"about":[{"href":"https:\/\/mathis.re\/fr\/wp-json\/wp\/v2\/types\/page"}],"author":[{"embeddable":true,"href":"https:\/\/mathis.re\/fr\/wp-json\/wp\/v2\/users\/3"}],"replies":[{"embeddable":true,"href":"https:\/\/mathis.re\/fr\/wp-json\/wp\/v2\/comments?post=214"}],"version-history":[{"count":36,"href":"https:\/\/mathis.re\/fr\/wp-json\/wp\/v2\/pages\/214\/revisions"}],"predecessor-version":[{"id":14702,"href":"https:\/\/mathis.re\/fr\/wp-json\/wp\/v2\/pages\/214\/revisions\/14702"}],"wp:attachment":[{"href":"https:\/\/mathis.re\/fr\/wp-json\/wp\/v2\/media?parent=214"}],"curies":[{"name":"wp","href":"https:\/\/api.w.org\/{rel}","templated":true}]}}